{"id":50,"date":"2024-10-14T22:39:51","date_gmt":"2024-10-14T22:39:51","guid":{"rendered":"https:\/\/cepasufc.com.br\/?page_id=50"},"modified":"2025-04-14T13:14:59","modified_gmt":"2025-04-14T13:14:59","slug":"projetos","status":"publish","type":"page","link":"https:\/\/cepas.ufc.br\/pt_br\/projetos\/","title":{"rendered":"Projetos"},"content":{"rendered":"\t\t<div data-elementor-type=\"wp-page\" data-elementor-id=\"50\" class=\"elementor elementor-50\">\n\t\t\t\t\t\t<section class=\"elementor-section elementor-top-section elementor-element elementor-element-1bc3b423 elementor-section-height-min-height elementor-section-content-middle elementor-section-full_width elementor-section-height-default elementor-section-items-middle wpr-particle-no wpr-jarallax-no wpr-parallax-no wpr-sticky-section-no wpr-equal-height-no\" data-id=\"1bc3b423\" data-element_type=\"section\" data-e-type=\"section\" data-settings=\"{&quot;background_background&quot;:&quot;classic&quot;,&quot;animation&quot;:&quot;none&quot;}\">\n\t\t\t\t\t\t<div class=\"elementor-container elementor-column-gap-no\">\n\t\t\t\t\t<div class=\"elementor-column elementor-col-100 elementor-top-column elementor-element elementor-element-7828b156 elementor-invisible\" data-id=\"7828b156\" data-element_type=\"column\" data-e-type=\"column\" data-settings=\"{&quot;animation&quot;:&quot;fadeInLeft&quot;}\">\n\t\t\t<div class=\"elementor-widget-wrap elementor-element-populated\">\n\t\t\t\t\t\t<div class=\"elementor-element elementor-element-41f6fb67 elementor-widget elementor-widget-heading\" data-id=\"41f6fb67\" data-element_type=\"widget\" data-e-type=\"widget\" data-widget_type=\"heading.default\">\n\t\t\t\t<div class=\"elementor-widget-container\">\n\t\t\t\t\t<h2 class=\"elementor-heading-title elementor-size-default\">Projetos<\/h2>\t\t\t\t<\/div>\n\t\t\t\t<\/div>\n\t\t\t\t\t<\/div>\n\t\t<\/div>\n\t\t\t\t\t<\/div>\n\t\t<\/section>\n\t\t\t\t<section class=\"elementor-section elementor-top-section elementor-element elementor-element-474636c2 elementor-section-boxed elementor-section-height-default elementor-section-height-default wpr-particle-no wpr-jarallax-no wpr-parallax-no wpr-sticky-section-no wpr-equal-height-no\" data-id=\"474636c2\" data-element_type=\"section\" data-e-type=\"section\">\n\t\t\t\t\t\t<div class=\"elementor-container elementor-column-gap-no\">\n\t\t\t\t\t<div class=\"elementor-column elementor-col-100 elementor-top-column elementor-element elementor-element-3a7952a2\" data-id=\"3a7952a2\" data-element_type=\"column\" data-e-type=\"column\">\n\t\t\t<div class=\"elementor-widget-wrap elementor-element-populated\">\n\t\t\t\t\t\t<section class=\"elementor-section elementor-inner-section elementor-element elementor-element-26f63540 elementor-section-boxed elementor-section-height-default elementor-section-height-default wpr-particle-no wpr-jarallax-no wpr-parallax-no wpr-sticky-section-no wpr-equal-height-no\" data-id=\"26f63540\" data-element_type=\"section\" data-e-type=\"section\">\n\t\t\t\t\t\t<div class=\"elementor-container elementor-column-gap-no\">\n\t\t\t\t\t<div class=\"elementor-column elementor-col-100 elementor-inner-column elementor-element elementor-element-739ef71\" data-id=\"739ef71\" data-element_type=\"column\" data-e-type=\"column\">\n\t\t\t<div class=\"elementor-widget-wrap\">\n\t\t\t\t\t\t\t<\/div>\n\t\t<\/div>\n\t\t\t\t\t<\/div>\n\t\t<\/section>\n\t\t\t\t<section class=\"elementor-section elementor-inner-section elementor-element elementor-element-53fb016d elementor-section-full_width elementor-section-height-default elementor-section-height-default wpr-particle-no wpr-jarallax-no wpr-parallax-no wpr-sticky-section-no wpr-equal-height-no\" data-id=\"53fb016d\" data-element_type=\"section\" data-e-type=\"section\">\n\t\t\t\t\t\t<div class=\"elementor-container elementor-column-gap-no\">\n\t\t\t\t\t<div class=\"elementor-column elementor-col-50 elementor-inner-column elementor-element elementor-element-10e20007\" data-id=\"10e20007\" data-element_type=\"column\" data-e-type=\"column\">\n\t\t\t<div class=\"elementor-widget-wrap elementor-element-populated\">\n\t\t\t\t\t\t<div class=\"elementor-element elementor-element-455a8d02 eael-infobox-content-align--left eael-infobox-shape-square eael-infobox-hover-img-shape-square elementor-invisible elementor-widget elementor-widget-eael-info-box\" data-id=\"455a8d02\" data-element_type=\"widget\" data-e-type=\"widget\" data-settings=\"{&quot;_animation&quot;:&quot;fadeInLeft&quot;}\" data-widget_type=\"eael-info-box.default\">\n\t\t\t\t<div class=\"elementor-widget-container\">\n\t\t\t\t\t            <a href=\"https:\/\/cepas.ufc.br\/planos-de-gestao-proativa-de-secas-hub\/\">\n\t            <div class=\"eael-infobox icon-on-top\">\n\t            <div class=\"infobox-icon\">\n\n                            <img decoding=\"async\" src=\"https:\/\/i0.wp.com\/cepas.ufc.br\/wp-content\/uploads\/2025\/03\/Frame-20.png?fit=1080%2C1080&#038;ssl=1\" alt=\"\">\n            \n            \n            \n        <\/div>\n            <div class=\"infobox-content\">\n                    <div class=\"infobox-title-section\">\n                <h2 class=\"title\">Planos de Gest\u00e3o Proativa de Secas<\/h2>            <\/div>\n                    <\/div>\n            <\/div>\n\n\t\t            <\/a>\n\t\t\t\t\t\t<\/div>\n\t\t\t\t<\/div>\n\t\t\t\t\t<\/div>\n\t\t<\/div>\n\t\t\t\t<div class=\"elementor-column elementor-col-50 elementor-inner-column elementor-element elementor-element-75f81966\" data-id=\"75f81966\" data-element_type=\"column\" data-e-type=\"column\">\n\t\t\t<div class=\"elementor-widget-wrap elementor-element-populated\">\n\t\t\t\t\t\t<div class=\"elementor-element elementor-element-2dbe52c9 eael-infobox-content-align--left eael-infobox-shape-square eael-infobox-hover-img-shape-square elementor-invisible elementor-widget elementor-widget-eael-info-box\" data-id=\"2dbe52c9\" data-element_type=\"widget\" data-e-type=\"widget\" data-settings=\"{&quot;_animation&quot;:&quot;fadeInLeft&quot;}\" data-widget_type=\"eael-info-box.default\">\n\t\t\t\t<div class=\"elementor-widget-container\">\n\t\t\t\t\t            <a href=\"https:\/\/cepas.ufc.br\/regulacao-dos-servicos-hidricos\/\">\n\t            <div class=\"eael-infobox icon-on-top\">\n\t            <div class=\"infobox-icon\">\n\n                            <img decoding=\"async\" src=\"https:\/\/i0.wp.com\/cepas.ufc.br\/wp-content\/uploads\/2024\/11\/Frame-12%402x.png?fit=2160%2C2160&#038;ssl=1\" alt=\"\">\n            \n            \n            \n        <\/div>\n            <div class=\"infobox-content\">\n                    <div class=\"infobox-title-section\">\n                <h2 class=\"title\">Regulamenta\u00e7\u00e3o dos Per\u00edmetros P\u00fablicos de Irriga\u00e7\u00e3o<\/h2>            <\/div>\n                    <\/div>\n            <\/div>\n\n\t\t            <\/a>\n\t\t\t\t\t\t<\/div>\n\t\t\t\t<\/div>\n\t\t\t\t\t<\/div>\n\t\t<\/div>\n\t\t\t\t\t<\/div>\n\t\t<\/section>\n\t\t\t\t<section class=\"elementor-section elementor-inner-section elementor-element elementor-element-e424c43 elementor-section-full_width elementor-section-height-default elementor-section-height-default wpr-particle-no wpr-jarallax-no wpr-parallax-no wpr-sticky-section-no wpr-equal-height-no\" data-id=\"e424c43\" data-element_type=\"section\" data-e-type=\"section\">\n\t\t\t\t\t\t<div class=\"elementor-container elementor-column-gap-no\">\n\t\t\t\t\t<div class=\"elementor-column elementor-col-50 elementor-inner-column elementor-element elementor-element-289cd8f\" data-id=\"289cd8f\" data-element_type=\"column\" data-e-type=\"column\">\n\t\t\t<div class=\"elementor-widget-wrap elementor-element-populated\">\n\t\t\t\t\t\t<div class=\"elementor-element elementor-element-629b2b5 eael-infobox-content-align--left eael-infobox-shape-square eael-infobox-hover-img-shape-square elementor-invisible elementor-widget elementor-widget-eael-info-box\" data-id=\"629b2b5\" data-element_type=\"widget\" data-e-type=\"widget\" data-settings=\"{&quot;_animation&quot;:&quot;fadeInLeft&quot;}\" data-widget_type=\"eael-info-box.default\">\n\t\t\t\t<div class=\"elementor-widget-container\">\n\t\t\t\t\t            <a href=\"https:\/\/cepas.ufc.br\/alocar\">\n\t            <div class=\"eael-infobox icon-on-top\">\n\t            <div class=\"infobox-icon\">\n\n                            <img decoding=\"async\" src=\"https:\/\/i0.wp.com\/cepas.ufc.br\/wp-content\/uploads\/2024\/11\/LOGO-ALOCAR.png?fit=1080%2C1080&#038;ssl=1\" alt=\"\">\n            \n            \n            \n        <\/div>\n            <div class=\"infobox-content\">\n                    <div class=\"infobox-title-section\">\n                <h2 class=\"title\">Gest\u00e3o de Recursos H\u00eddricos para um Mundo em Mudan\u00e7a: Seguran\u00e7a H\u00eddrica, Planejamento de Secas e Aloca\u00e7\u00e3o Negociada\u00a0de\u00a0\u00c1gua<\/h2>            <\/div>\n                    <\/div>\n            <\/div>\n\n\t\t            <\/a>\n\t\t\t\t\t\t<\/div>\n\t\t\t\t<\/div>\n\t\t\t\t\t<\/div>\n\t\t<\/div>\n\t\t\t\t<div class=\"elementor-column elementor-col-50 elementor-inner-column elementor-element elementor-element-ebeb794\" data-id=\"ebeb794\" data-element_type=\"column\" data-e-type=\"column\">\n\t\t\t<div class=\"elementor-widget-wrap elementor-element-populated\">\n\t\t\t\t\t\t<div class=\"elementor-element elementor-element-e4cee0d eael-infobox-content-align--left eael-infobox-shape-square eael-infobox-hover-img-shape-square elementor-invisible elementor-widget elementor-widget-eael-info-box\" data-id=\"e4cee0d\" data-element_type=\"widget\" data-e-type=\"widget\" data-settings=\"{&quot;_animation&quot;:&quot;fadeInLeft&quot;}\" data-widget_type=\"eael-info-box.default\">\n\t\t\t\t<div class=\"elementor-widget-container\">\n\t\t\t\t\t            <a href=\"https:\/\/cepas.ufc.br\/planos-de-regioes-hidrograficas-e-planos-proativos-de-secas-desenvolvimento-de-ferramentas-tecnologicas-de-gestao-para-o-planejamento-dos-recursos-hidricos-do-estado-do-ceara-seguranca-hidrica-e-pla\/\">\n\t            <div class=\"eael-infobox icon-on-top\">\n\t            <div class=\"infobox-icon\">\n\n                            <img decoding=\"async\" src=\"https:\/\/i0.wp.com\/cepas.ufc.br\/wp-content\/uploads\/2024\/11\/LOGO-OFICIAL-2.png?fit=1080%2C1080&#038;ssl=1\" alt=\"\">\n            \n            \n            \n        <\/div>\n            <div class=\"infobox-content\">\n                    <div class=\"infobox-title-section\">\n                <h2 class=\"title\">Planos de regi\u00f5es hidrogr\u00e1ficas e Planos proativos de secas: Desenvolvimento de ferramentas tecnol\u00f3gicas de gest\u00e3o para o planejamento dos recursos h\u00eddricos do estado do Cear\u00e1: Seguran\u00e7a h\u00eddrica e planejamento de secas<\/h2>            <\/div>\n                    <\/div>\n            <\/div>\n\n\t\t            <\/a>\n\t\t\t\t\t\t<\/div>\n\t\t\t\t<\/div>\n\t\t\t\t\t<\/div>\n\t\t<\/div>\n\t\t\t\t\t<\/div>\n\t\t<\/section>\n\t\t\t\t\t<\/div>\n\t\t<\/div>\n\t\t\t\t\t<\/div>\n\t\t<\/section>\n\t\t\t\t<\/div>\n\t\t","protected":false},"excerpt":{"rendered":"<p>Projetos Planos de Gest\u00e3o Proativa de Secas Regulamenta\u00e7\u00e3o dos Per\u00edmetros P\u00fablicos de Irriga\u00e7\u00e3o Gest\u00e3o de Recursos H\u00eddricos para um Mundo em Mudan\u00e7a: Seguran\u00e7a H\u00eddrica, Planejamento de Secas e Aloca\u00e7\u00e3o Negociada\u00a0de\u00a0\u00c1gua Planos de regi\u00f5es hidrogr\u00e1ficas e Planos proativos de secas: Desenvolvimento de ferramentas tecnol\u00f3gicas de gest\u00e3o para o planejamento dos recursos h\u00eddricos do estado do Cear\u00e1: Seguran\u00e7a h\u00eddrica e planejamento de secas<\/p>\n","protected":false},"author":1,"featured_media":0,"parent":0,"menu_order":0,"comment_status":"closed","ping_status":"closed","template":"elementor_header_footer","meta":{"nf_dc_page":"","footnotes":""},"class_list":["post-50","page","type-page","status-publish","hentry"],"jetpack_sharing_enabled":true,"_links":{"self":[{"href":"https:\/\/cepas.ufc.br\/pt_br\/wp-json\/wp\/v2\/pages\/50","targetHints":{"allow":["GET"]}}],"collection":[{"href":"https:\/\/cepas.ufc.br\/pt_br\/wp-json\/wp\/v2\/pages"}],"about":[{"href":"https:\/\/cepas.ufc.br\/pt_br\/wp-json\/wp\/v2\/types\/page"}],"author":[{"embeddable":true,"href":"https:\/\/cepas.ufc.br\/pt_br\/wp-json\/wp\/v2\/users\/1"}],"replies":[{"embeddable":true,"href":"https:\/\/cepas.ufc.br\/pt_br\/wp-json\/wp\/v2\/comments?post=50"}],"version-history":[{"count":5,"href":"https:\/\/cepas.ufc.br\/pt_br\/wp-json\/wp\/v2\/pages\/50\/revisions"}],"predecessor-version":[{"id":1694,"href":"https:\/\/cepas.ufc.br\/pt_br\/wp-json\/wp\/v2\/pages\/50\/revisions\/1694"}],"wp:attachment":[{"href":"https:\/\/cepas.ufc.br\/pt_br\/wp-json\/wp\/v2\/media?parent=50"}],"curies":[{"name":"wp","href":"https:\/\/api.w.org\/{rel}","templated":true}]}}