{"id":795,"date":"2024-11-18T16:41:40","date_gmt":"2024-11-18T16:41:40","guid":{"rendered":"https:\/\/cepas.ufc.br\/?page_id=795"},"modified":"2025-04-14T13:15:13","modified_gmt":"2025-04-14T13:15:13","slug":"regulacao-dos-servicos-hidricos","status":"publish","type":"page","link":"https:\/\/cepas.ufc.br\/pt_br\/regulacao-dos-servicos-hidricos\/","title":{"rendered":"Regula\u00e7\u00e3o dos Servi\u00e7os H\u00eddricos"},"content":{"rendered":"\t\t<div data-elementor-type=\"wp-page\" data-elementor-id=\"795\" class=\"elementor elementor-795\">\n\t\t\t\t\t\t<section class=\"elementor-section elementor-top-section elementor-element elementor-element-88d4136 elementor-section-boxed elementor-section-height-default elementor-section-height-default wpr-particle-no wpr-jarallax-no wpr-parallax-no wpr-sticky-section-no wpr-equal-height-no\" data-id=\"88d4136\" data-element_type=\"section\" data-e-type=\"section\" data-settings=\"{&quot;background_background&quot;:&quot;classic&quot;}\">\n\t\t\t\t\t\t<div class=\"elementor-container elementor-column-gap-no\">\n\t\t\t\t\t<div class=\"elementor-column elementor-col-100 elementor-top-column elementor-element elementor-element-f3a5bc5\" data-id=\"f3a5bc5\" data-element_type=\"column\" data-e-type=\"column\">\n\t\t\t<div class=\"elementor-widget-wrap elementor-element-populated\">\n\t\t\t\t\t\t<div class=\"elementor-element elementor-element-dd5b634 elementor-invisible elementor-widget elementor-widget-heading\" data-id=\"dd5b634\" data-element_type=\"widget\" data-e-type=\"widget\" data-settings=\"{&quot;_animation&quot;:&quot;fadeInUp&quot;}\" data-widget_type=\"heading.default\">\n\t\t\t\t<div class=\"elementor-widget-container\">\n\t\t\t\t\t<h3 class=\"elementor-heading-title elementor-size-default\">Regulamenta\u00e7\u00e3o dos Per\u00edmetros P\u00fablicos de Irriga\u00e7\u00e3o<\/h3>\t\t\t\t<\/div>\n\t\t\t\t<\/div>\n\t\t<div class=\"elementor-element elementor-element-d0dedd2 e-flex e-con-boxed wpr-particle-no wpr-jarallax-no wpr-parallax-no wpr-sticky-section-no wpr-equal-height-no e-con e-parent\" data-id=\"d0dedd2\" data-element_type=\"container\" data-e-type=\"container\">\n\t\t\t\t\t<div class=\"e-con-inner\">\n\t\t\t\t<div class=\"elementor-element elementor-element-d185ce4 elementor-widget elementor-widget-image-gallery\" data-id=\"d185ce4\" data-element_type=\"widget\" data-e-type=\"widget\" data-widget_type=\"image-gallery.default\">\n\t\t\t\t<div class=\"elementor-widget-container\">\n\t\t\t\t\t\t\t<div class=\"elementor-image-gallery\">\n\t\t\t<div id='gallery-1' class='gallery galleryid-795 gallery-columns-3 gallery-size-full'><figure class='gallery-item'>\n\t\t\t<div class='gallery-icon landscape'>\n\t\t\t\t<img fetchpriority=\"high\" width=\"304\" height=\"175\" src=\"https:\/\/i0.wp.com\/cepas.ufc.br\/wp-content\/uploads\/2024\/11\/Frame-19-1.png?fit=304%2C175&amp;ssl=1\" class=\"attachment-full size-full\" alt=\"\" decoding=\"async\" srcset=\"https:\/\/i0.wp.com\/cepas.ufc.br\/wp-content\/uploads\/2024\/11\/Frame-19-1.png?w=304&amp;ssl=1 304w, https:\/\/i0.wp.com\/cepas.ufc.br\/wp-content\/uploads\/2024\/11\/Frame-19-1.png?resize=300%2C173&amp;ssl=1 300w\" sizes=\"(max-width: 304px) 100vw, 304px\" \/>\n\t\t\t<\/div><\/figure><figure class='gallery-item'>\n\t\t\t<div class='gallery-icon landscape'>\n\t\t\t\t<img width=\"304\" height=\"175\" src=\"https:\/\/i0.wp.com\/cepas.ufc.br\/wp-content\/uploads\/2024\/11\/Frame-19.png?fit=304%2C175&amp;ssl=1\" class=\"attachment-full size-full\" alt=\"\" decoding=\"async\" srcset=\"https:\/\/i0.wp.com\/cepas.ufc.br\/wp-content\/uploads\/2024\/11\/Frame-19.png?w=304&amp;ssl=1 304w, https:\/\/i0.wp.com\/cepas.ufc.br\/wp-content\/uploads\/2024\/11\/Frame-19.png?resize=300%2C173&amp;ssl=1 300w\" sizes=\"(max-width: 304px) 100vw, 304px\" \/>\n\t\t\t<\/div><\/figure><figure class='gallery-item'>\n\t\t\t<div class='gallery-icon landscape'>\n\t\t\t\t<img width=\"304\" height=\"175\" src=\"https:\/\/i0.wp.com\/cepas.ufc.br\/wp-content\/uploads\/2024\/12\/fastef.png?fit=304%2C175&amp;ssl=1\" class=\"attachment-full size-full\" alt=\"\" decoding=\"async\" srcset=\"https:\/\/i0.wp.com\/cepas.ufc.br\/wp-content\/uploads\/2024\/12\/fastef.png?w=304&amp;ssl=1 304w, https:\/\/i0.wp.com\/cepas.ufc.br\/wp-content\/uploads\/2024\/12\/fastef.png?resize=300%2C173&amp;ssl=1 300w\" sizes=\"(max-width: 304px) 100vw, 304px\" \/>\n\t\t\t<\/div><\/figure>\n\t\t<\/div>\n\t\t<\/div>\n\t\t\t\t\t\t<\/div>\n\t\t\t\t<\/div>\n\t\t\t\t\t<\/div>\n\t\t\t\t<\/div>\n\t\t\t\t<div class=\"elementor-element elementor-element-3d6bca2 elementor-invisible elementor-widget elementor-widget-text-editor\" data-id=\"3d6bca2\" data-element_type=\"widget\" data-e-type=\"widget\" data-settings=\"{&quot;_animation&quot;:&quot;fadeInUp&quot;,&quot;_animation_delay&quot;:200}\" data-widget_type=\"text-editor.default\">\n\t\t\t\t<div class=\"elementor-widget-container\">\n\t\t\t\t\t\t\t\t\t<form action=\"https:\/\/aguacientistachefe.ufc.br\/projetos\/pspb\/plano-de-seca\/\" method=\"get\"><div class=\"subpages\"><p>O projeto intitulado \u201cRevis\u00e3o, desenvolvimento e aprimoramento da regula\u00e7\u00e3o dos servi\u00e7os h\u00eddricos no Brasil\u201d prop\u00f5e atividades, distribu\u00eddas entre metas e objetivos, que visam estudar o cen\u00e1rio atual do arcabou\u00e7o dos per\u00edmetros irrigados no Brasil, nos \u00e2mbitos normativos, institucionais e operacionais, al\u00e9m de compreender as tend\u00eancias internacionais acerca do setor a partir do interc\u00e2mbio de ideias, visitas t\u00e9cnicas estrat\u00e9gicas e contato com consultores nacionais e internacionais. Adicionalmente, o projeto promover\u00e1 discuss\u00f5es acerca do diagn\u00f3stico levantado, apresentando o contexto levantado para gestores dos setores competentes. Por fim, a pesquisa ser\u00e1 conclu\u00edda ao apresentar recomenda\u00e7\u00f5es da regula\u00e7\u00e3o de contratos de irriga\u00e7\u00e3o no Brasil, assim como a proposi\u00e7\u00e3o de um modelo regulat\u00f3rio, incluindo um cronograma para a regula\u00e7\u00e3o. <\/p><\/div><\/form>\t\t\t\t\t\t\t\t<\/div>\n\t\t\t\t<\/div>\n\t\t\t\t<div class=\"elementor-element elementor-element-b2e90ca elementor-invisible elementor-widget elementor-widget-image\" data-id=\"b2e90ca\" data-element_type=\"widget\" data-e-type=\"widget\" data-settings=\"{&quot;_animation&quot;:&quot;zoomIn&quot;,&quot;_animation_delay&quot;:400}\" data-widget_type=\"image.default\">\n\t\t\t\t<div class=\"elementor-widget-container\">\n\t\t\t\t\t\t\t\t\t\t\t\t\t\t\t\t<a href=\"https:\/\/i0.wp.com\/cepas.ufc.br\/wp-content\/uploads\/2024\/11\/LOGO2.png?ssl=1\" data-elementor-open-lightbox=\"yes\" data-elementor-lightbox-title=\"LOGO2\" data-e-action-hash=\"#elementor-action%3Aaction%3Dlightbox%26settings%3DeyJpZCI6Nzk4LCJ1cmwiOiJodHRwczpcL1wvY2VwYXMudWZjLmJyXC93cC1jb250ZW50XC91cGxvYWRzXC8yMDI0XC8xMVwvTE9HTzIucG5nIn0%3D\">\n\t\t\t\t\t\t\t<img loading=\"lazy\" decoding=\"async\" width=\"1080\" height=\"390\" src=\"https:\/\/i0.wp.com\/cepas.ufc.br\/wp-content\/uploads\/2024\/11\/LOGO2.png?fit=1080%2C390&amp;ssl=1\" class=\"attachment-full size-full wp-image-798\" alt=\"\" srcset=\"https:\/\/i0.wp.com\/cepas.ufc.br\/wp-content\/uploads\/2024\/11\/LOGO2.png?w=1080&amp;ssl=1 1080w, https:\/\/i0.wp.com\/cepas.ufc.br\/wp-content\/uploads\/2024\/11\/LOGO2.png?resize=300%2C108&amp;ssl=1 300w, https:\/\/i0.wp.com\/cepas.ufc.br\/wp-content\/uploads\/2024\/11\/LOGO2.png?resize=1024%2C370&amp;ssl=1 1024w, https:\/\/i0.wp.com\/cepas.ufc.br\/wp-content\/uploads\/2024\/11\/LOGO2.png?resize=768%2C277&amp;ssl=1 768w\" sizes=\"(max-width: 1080px) 100vw, 1080px\" \/>\t\t\t\t\t\t\t\t<\/a>\n\t\t\t\t\t\t\t\t\t\t\t\t\t\t\t<\/div>\n\t\t\t\t<\/div>\n\t\t\t\t<div class=\"elementor-element elementor-element-cfbdec8 elementor-invisible elementor-widget elementor-widget-text-editor\" data-id=\"cfbdec8\" data-element_type=\"widget\" data-e-type=\"widget\" data-settings=\"{&quot;_animation&quot;:&quot;fadeInUp&quot;,&quot;_animation_delay&quot;:200}\" data-widget_type=\"text-editor.default\">\n\t\t\t\t<div class=\"elementor-widget-container\">\n\t\t\t\t\t\t\t\t\t<p><strong>OBJETIVOS<\/strong><\/p><p>Este projeto tem como objetivo geral elaborar uma pesquisa que apresente recomenda\u00e7\u00f5es sustent\u00e1veis acerca da regula\u00e7\u00e3o de contratos de irriga\u00e7\u00e3o no Brasil, promovendo conhecimento t\u00e9cnico que possa embasar o aprimoramento do arcabou\u00e7o normativo do setor de irriga\u00e7\u00e3o nacional.<\/p><p>Como objetivos espec\u00edficos, t\u00eam-se:<br \/>i. Realizar levantamento de dados prim\u00e1rios e secund\u00e1rios de per\u00edmetros irrigados sob gest\u00e3o do DNOCS e da CODEVASF;<br \/>ii. Estudar experi\u00eancias exitosas atrav\u00e9s do interc\u00e2mbio estrat\u00e9gico com consultores nacionais e internacionais;<br \/>iii. Realizar avalia\u00e7\u00e3o dos arranjos institucionais;<br \/>iv. Promover discuss\u00f5es com gestores de setores estrat\u00e9gicos;<br \/>v. Elaborar recomenda\u00e7\u00f5es regula\u00e7\u00e3o de contratos de irriga\u00e7\u00e3o no Brasil;<br \/>vi. Propor um modelo regulat\u00f3rio<\/p>\t\t\t\t\t\t\t\t<\/div>\n\t\t\t\t<\/div>\n\t\t\t\t\t<\/div>\n\t\t<\/div>\n\t\t\t\t\t<\/div>\n\t\t<\/section>\n\t\t<div class=\"elementor-element elementor-element-9eabdbc e-flex e-con-boxed wpr-particle-no wpr-jarallax-no wpr-parallax-no wpr-sticky-section-no wpr-equal-height-no e-con e-parent\" data-id=\"9eabdbc\" data-element_type=\"container\" data-e-type=\"container\">\n\t\t\t\t\t<div class=\"e-con-inner\">\n\t\t\t\t<div class=\"elementor-element elementor-element-043fbe1 gallery-spacing-custom elementor-widget elementor-widget-image-gallery\" data-id=\"043fbe1\" data-element_type=\"widget\" data-e-type=\"widget\" data-widget_type=\"image-gallery.default\">\n\t\t\t\t<div class=\"elementor-widget-container\">\n\t\t\t\t\t\t\t<div class=\"elementor-image-gallery\">\n\t\t\t<div id='gallery-2' class='gallery galleryid-795 gallery-columns-2 gallery-size-full'><figure class='gallery-item'>\n\t\t\t<div class='gallery-icon landscape'>\n\t\t\t\t<a data-elementor-open-lightbox=\"yes\" data-elementor-lightbox-slideshow=\"043fbe1\" data-elementor-lightbox-title=\"IMG_20240703_142806\" data-e-action-hash=\"#elementor-action%3Aaction%3Dlightbox%26settings%3DeyJpZCI6NzcxLCJ1cmwiOiJodHRwczpcL1wvY2VwYXMudWZjLmJyXC93cC1jb250ZW50XC91cGxvYWRzXC8yMDI0XC8xMVwvSU1HXzIwMjQwNzAzXzE0MjgwNi1zY2FsZWQuanBnIiwic2xpZGVzaG93IjoiMDQzZmJlMSJ9\" href=\"https:\/\/i0.wp.com\/cepas.ufc.br\/wp-content\/uploads\/2024\/11\/IMG_20240703_142806-scaled.jpg?ssl=1\"><img loading=\"lazy\" width=\"2560\" height=\"1922\" src=\"https:\/\/i0.wp.com\/cepas.ufc.br\/wp-content\/uploads\/2024\/11\/IMG_20240703_142806-scaled.jpg?fit=2560%2C1922&amp;ssl=1\" class=\"attachment-full size-full\" alt=\"\" decoding=\"async\" srcset=\"https:\/\/i0.wp.com\/cepas.ufc.br\/wp-content\/uploads\/2024\/11\/IMG_20240703_142806-scaled.jpg?w=2560&amp;ssl=1 2560w, https:\/\/i0.wp.com\/cepas.ufc.br\/wp-content\/uploads\/2024\/11\/IMG_20240703_142806-scaled.jpg?resize=300%2C225&amp;ssl=1 300w, https:\/\/i0.wp.com\/cepas.ufc.br\/wp-content\/uploads\/2024\/11\/IMG_20240703_142806-scaled.jpg?resize=1024%2C769&amp;ssl=1 1024w, https:\/\/i0.wp.com\/cepas.ufc.br\/wp-content\/uploads\/2024\/11\/IMG_20240703_142806-scaled.jpg?resize=768%2C577&amp;ssl=1 768w, https:\/\/i0.wp.com\/cepas.ufc.br\/wp-content\/uploads\/2024\/11\/IMG_20240703_142806-scaled.jpg?w=1600&amp;ssl=1 1600w, https:\/\/i0.wp.com\/cepas.ufc.br\/wp-content\/uploads\/2024\/11\/IMG_20240703_142806-scaled.jpg?w=2400&amp;ssl=1 2400w\" sizes=\"(max-width: 2560px) 100vw, 2560px\" \/><\/a>\n\t\t\t<\/div><\/figure><figure class='gallery-item'>\n\t\t\t<div class='gallery-icon landscape'>\n\t\t\t\t<a data-elementor-open-lightbox=\"yes\" data-elementor-lightbox-slideshow=\"043fbe1\" data-elementor-lightbox-title=\"IMG_20240703_121113\" data-e-action-hash=\"#elementor-action%3Aaction%3Dlightbox%26settings%3DeyJpZCI6NzcwLCJ1cmwiOiJodHRwczpcL1wvY2VwYXMudWZjLmJyXC93cC1jb250ZW50XC91cGxvYWRzXC8yMDI0XC8xMVwvSU1HXzIwMjQwNzAzXzEyMTExMy1zY2FsZWQuanBnIiwic2xpZGVzaG93IjoiMDQzZmJlMSJ9\" href=\"https:\/\/i0.wp.com\/cepas.ufc.br\/wp-content\/uploads\/2024\/11\/IMG_20240703_121113-scaled.jpg?ssl=1\"><img loading=\"lazy\" width=\"2560\" height=\"1922\" src=\"https:\/\/i0.wp.com\/cepas.ufc.br\/wp-content\/uploads\/2024\/11\/IMG_20240703_121113-scaled.jpg?fit=2560%2C1922&amp;ssl=1\" class=\"attachment-full size-full\" alt=\"\" decoding=\"async\" srcset=\"https:\/\/i0.wp.com\/cepas.ufc.br\/wp-content\/uploads\/2024\/11\/IMG_20240703_121113-scaled.jpg?w=2560&amp;ssl=1 2560w, https:\/\/i0.wp.com\/cepas.ufc.br\/wp-content\/uploads\/2024\/11\/IMG_20240703_121113-scaled.jpg?resize=300%2C225&amp;ssl=1 300w, https:\/\/i0.wp.com\/cepas.ufc.br\/wp-content\/uploads\/2024\/11\/IMG_20240703_121113-scaled.jpg?resize=1024%2C769&amp;ssl=1 1024w, https:\/\/i0.wp.com\/cepas.ufc.br\/wp-content\/uploads\/2024\/11\/IMG_20240703_121113-scaled.jpg?resize=768%2C577&amp;ssl=1 768w, https:\/\/i0.wp.com\/cepas.ufc.br\/wp-content\/uploads\/2024\/11\/IMG_20240703_121113-scaled.jpg?resize=1536%2C1153&amp;ssl=1 1536w, https:\/\/i0.wp.com\/cepas.ufc.br\/wp-content\/uploads\/2024\/11\/IMG_20240703_121113-scaled.jpg?resize=2048%2C1538&amp;ssl=1 2048w, https:\/\/i0.wp.com\/cepas.ufc.br\/wp-content\/uploads\/2024\/11\/IMG_20240703_121113-scaled.jpg?w=1600&amp;ssl=1 1600w, https:\/\/i0.wp.com\/cepas.ufc.br\/wp-content\/uploads\/2024\/11\/IMG_20240703_121113-scaled.jpg?w=2400&amp;ssl=1 2400w\" sizes=\"(max-width: 2560px) 100vw, 2560px\" \/><\/a>\n\t\t\t<\/div><\/figure>\n\t\t<\/div>\n\t\t<\/div>\n\t\t\t\t\t\t<\/div>\n\t\t\t\t<\/div>\n\t\t\t\t\t<\/div>\n\t\t\t\t<\/div>\n\t\t\t\t<\/div>\n\t\t","protected":false},"excerpt":{"rendered":"<p>Regulamenta\u00e7\u00e3o dos Per\u00edmetros P\u00fablicos de Irriga\u00e7\u00e3o O projeto intitulado \u201cRevis\u00e3o, desenvolvimento e aprimoramento da regula\u00e7\u00e3o dos servi\u00e7os h\u00eddricos no Brasil\u201d prop\u00f5e atividades, distribu\u00eddas entre metas e objetivos, que visam estudar o cen\u00e1rio atual do arcabou\u00e7o dos per\u00edmetros irrigados no Brasil, nos \u00e2mbitos normativos, institucionais e operacionais, al\u00e9m de compreender as tend\u00eancias internacionais acerca do setor a partir do interc\u00e2mbio de ideias, visitas t\u00e9cnicas estrat\u00e9gicas e contato com consultores nacionais e internacionais. Adicionalmente, o projeto promover\u00e1 discuss\u00f5es acerca do diagn\u00f3stico levantado, apresentando o contexto levantado para gestores dos setores competentes. Por fim, a pesquisa ser\u00e1 conclu\u00edda ao apresentar recomenda\u00e7\u00f5es da regula\u00e7\u00e3o de contratos de irriga\u00e7\u00e3o no Brasil, assim como a proposi\u00e7\u00e3o de um modelo regulat\u00f3rio, incluindo um cronograma para a regula\u00e7\u00e3o. OBJETIVOS Este projeto tem como objetivo geral elaborar uma pesquisa que apresente recomenda\u00e7\u00f5es sustent\u00e1veis acerca da regula\u00e7\u00e3o de contratos de irriga\u00e7\u00e3o no Brasil, promovendo conhecimento t\u00e9cnico que possa embasar o aprimoramento do arcabou\u00e7o normativo do setor de irriga\u00e7\u00e3o nacional. Como objetivos espec\u00edficos, t\u00eam-se:i. Realizar levantamento de dados prim\u00e1rios e secund\u00e1rios de per\u00edmetros irrigados sob gest\u00e3o do DNOCS e da CODEVASF;ii. Estudar experi\u00eancias exitosas atrav\u00e9s do interc\u00e2mbio estrat\u00e9gico com consultores nacionais e internacionais;iii. Realizar avalia\u00e7\u00e3o dos arranjos institucionais;iv. Promover discuss\u00f5es com gestores de setores estrat\u00e9gicos;v. Elaborar recomenda\u00e7\u00f5es regula\u00e7\u00e3o de contratos de irriga\u00e7\u00e3o no Brasil;vi. Propor um modelo regulat\u00f3rio<\/p>\n","protected":false},"author":1,"featured_media":0,"parent":0,"menu_order":0,"comment_status":"closed","ping_status":"closed","template":"","meta":{"nf_dc_page":"","footnotes":""},"class_list":["post-795","page","type-page","status-publish","hentry"],"jetpack_sharing_enabled":true,"_links":{"self":[{"href":"https:\/\/cepas.ufc.br\/pt_br\/wp-json\/wp\/v2\/pages\/795","targetHints":{"allow":["GET"]}}],"collection":[{"href":"https:\/\/cepas.ufc.br\/pt_br\/wp-json\/wp\/v2\/pages"}],"about":[{"href":"https:\/\/cepas.ufc.br\/pt_br\/wp-json\/wp\/v2\/types\/page"}],"author":[{"embeddable":true,"href":"https:\/\/cepas.ufc.br\/pt_br\/wp-json\/wp\/v2\/users\/1"}],"replies":[{"embeddable":true,"href":"https:\/\/cepas.ufc.br\/pt_br\/wp-json\/wp\/v2\/comments?post=795"}],"version-history":[{"count":5,"href":"https:\/\/cepas.ufc.br\/pt_br\/wp-json\/wp\/v2\/pages\/795\/revisions"}],"predecessor-version":[{"id":1697,"href":"https:\/\/cepas.ufc.br\/pt_br\/wp-json\/wp\/v2\/pages\/795\/revisions\/1697"}],"wp:attachment":[{"href":"https:\/\/cepas.ufc.br\/pt_br\/wp-json\/wp\/v2\/media?parent=795"}],"curies":[{"name":"wp","href":"https:\/\/api.w.org\/{rel}","templated":true}]}}